{"id":615,"date":"2025-04-11T10:08:06","date_gmt":"2025-04-11T10:08:06","guid":{"rendered":"https:\/\/self-roots.com\/miruna\/?page_id=19"},"modified":"2026-04-25T18:51:10","modified_gmt":"2026-04-25T18:51:10","slug":"home","status":"publish","type":"page","link":"https:\/\/self-roots.com\/miruna\/","title":{"rendered":"HOME &#8211; Romana"},"content":{"rendered":"\t\t<div data-elementor-type=\"wp-page\" data-elementor-id=\"615\" class=\"elementor elementor-615\">\n\t\t\t\t<div class=\"elementor-element elementor-element-3a8581a e-grid e-con-boxed e-con e-parent\" data-id=\"3a8581a\" data-element_type=\"container\">\n\t\t\t\t\t<div class=\"e-con-inner\">\n\t\t\t\t<div class=\"elementor-element elementor-element-161b54d elementor-widget elementor-widget-heading\" data-id=\"161b54d\" data-element_type=\"widget\" data-widget_type=\"heading.default\">\n\t\t\t\t<div class=\"elementor-widget-container\">\n\t\t\t\t\t<h2 class=\"elementor-heading-title elementor-size-default\">Exploreaz\u0103-\u021bi lumea interioar\u0103 cu \u00een\u021belegere \u0219i empatie<\/h2>\t\t\t\t<\/div>\n\t\t\t\t<\/div>\n\t\t\t\t<div class=\"elementor-element elementor-element-c702590 elementor-widget elementor-widget-text-editor\" data-id=\"c702590\" data-element_type=\"widget\" data-widget_type=\"text-editor.default\">\n\t\t\t\t<div class=\"elementor-widget-container\">\n\t\t\t\t\t\t\t\t\t<p><em>Prin principiile IFS, \u00ee\u021bi ofer un spa\u021biu \u00een care s\u0103-\u021bi descoperi \u0219i s\u0103-\u021bi \u00een\u021belegi p\u0103r\u021bile interioare in siguran\u021ba si compasiune.<\/em><\/p>\t\t\t\t\t\t\t\t<\/div>\n\t\t\t\t<\/div>\n\t\t\t\t<div class=\"elementor-element elementor-element-14a4957 elementor-align-center elementor-widget elementor-widget-button\" data-id=\"14a4957\" data-element_type=\"widget\" data-widget_type=\"button.default\">\n\t\t\t\t<div class=\"elementor-widget-container\">\n\t\t\t\t\t\t\t\t\t<div class=\"elementor-button-wrapper\">\n\t\t\t\t\t<a class=\"elementor-button elementor-button-link elementor-size-sm\" href=\"https:\/\/self-roots.com\/miruna\/contact-us\">\n\t\t\t\t\t\t<span class=\"elementor-button-content-wrapper\">\n\t\t\t\t\t\t\t\t\t<span class=\"elementor-button-text\">Contacteaz\u0103-m\u0103<\/span>\n\t\t\t\t\t<\/span>\n\t\t\t\t\t<\/a>\n\t\t\t\t<\/div>\n\t\t\t\t\t\t\t\t<\/div>\n\t\t\t\t<\/div>\n\t\t\t\t\t<\/div>\n\t\t\t\t<\/div>\n\t\t<div class=\"elementor-element elementor-element-4f2a8e6 e-flex e-con-boxed e-con e-parent\" data-id=\"4f2a8e6\" data-element_type=\"container\" data-settings=\"{&quot;background_background&quot;:&quot;classic&quot;}\">\n\t\t\t\t\t<div class=\"e-con-inner\">\n\t\t<div class=\"elementor-element elementor-element-950b3a2 e-con-full e-flex e-con e-child\" data-id=\"950b3a2\" data-element_type=\"container\">\n\t\t\t\t<div class=\"elementor-element elementor-element-f6c5957 elementor-widget elementor-widget-heading\" data-id=\"f6c5957\" data-element_type=\"widget\" data-widget_type=\"heading.default\">\n\t\t\t\t<div class=\"elementor-widget-container\">\n\t\t\t\t\t<h2 class=\"elementor-heading-title elementor-size-default\">Poate ai ajuns aici pentru c\u0103\u2026<\/h2>\t\t\t\t<\/div>\n\t\t\t\t<\/div>\n\t\t\t\t<div class=\"elementor-element elementor-element-1525f60 elementor-widget elementor-widget-text-editor\" data-id=\"1525f60\" data-element_type=\"widget\" data-widget_type=\"text-editor.default\">\n\t\t\t\t<div class=\"elementor-widget-container\">\n\t\t\t\t\t\t\t\t\t<ul><li>Te sim\u021bi anxios\/anxioas\u0103, cople\u0219it(\u0103) sau blocat(\u0103)<\/li><li>Te blochezi \u00een tipare emo\u021bionale pe care nu le \u00een\u021belegi pe deplin<\/li><li><span style=\"font-style: inherit; font-weight: inherit;\">Por\u021bi \u00een tine triste\u021be, furie sau singur\u0103tate despre care nu vorbe\u0219ti<\/span><\/li><li><span style=\"font-style: inherit; font-weight: inherit;\">\u00ce\u021bi dore\u0219ti calm, claritate sau o rela\u021bie mai bun\u0103 cu tine<\/span><\/li><li><span style=\"font-size: 1rem;\">Anumite situa\u021bii \u2014 la munc\u0103, acas\u0103 sau \u00een rela\u021bii \u2014 te fac sa te simti \u201c\u00eenc\u0103rcat(\u01ce)\u201d emo\u021bional \u0219i sunt greu de dep\u01ce\u0219it<\/span><\/li><\/ul>\t\t\t\t\t\t\t\t<\/div>\n\t\t\t\t<\/div>\n\t\t\t\t<\/div>\n\t\t<div class=\"elementor-element elementor-element-0e70d0c e-con-full e-flex e-con e-child\" data-id=\"0e70d0c\" data-element_type=\"container\">\n\t\t\t\t<div class=\"elementor-element elementor-element-d7de07e elementor-widget elementor-widget-heading\" data-id=\"d7de07e\" data-element_type=\"widget\" data-widget_type=\"heading.default\">\n\t\t\t\t<div class=\"elementor-widget-container\">\n\t\t\t\t\t<h2 class=\"elementor-heading-title elementor-size-default\">Ce este IFS?<\/h2>\t\t\t\t<\/div>\n\t\t\t\t<\/div>\n\t\t\t\t<div class=\"elementor-element elementor-element-7efac89 elementor-widget elementor-widget-text-editor\" data-id=\"7efac89\" data-element_type=\"widget\" data-widget_type=\"text-editor.default\">\n\t\t\t\t<div class=\"elementor-widget-container\">\n\t\t\t\t\t\t\t\t\t<p data-start=\"6501\" data-end=\"6662\"><strong data-start=\"6548\" data-end=\"6662\">Internal Family Systems (IFS) este o abordare bl\u00e2nd\u0103, f\u0103r\u0103 judecat\u0103, prin care \u00ee\u021bi explorezi lumea interioar\u0103<\/strong><strong style=\"font-style: inherit;\" data-start=\"848\" data-end=\"946\">:<\/strong><\/p><ul><li data-start=\"955\" data-end=\"1227\">Te ajut\u0103 s\u0103 intri \u00een contact cu p\u0103r\u021bile care se simt anxioase, reactive, amor\u021bite sau blocate<\/li><li data-start=\"955\" data-end=\"1227\">Creeaz\u0103 spa\u021biu in care s\u0103 \u00een\u021belegi ce au nevoie cu adev\u0103rat aceste p\u0103r\u021bi<\/li><li data-start=\"955\" data-end=\"1227\"><span style=\"font-family: var( --e-global-typography-text-font-family ), Sans-serif; font-size: 1rem; font-weight: var( --e-global-typography-text-font-weight ); text-align: var(--text-align); font-style: inherit;\">Invit\u0103 curiozitate \u00een loc de autocritic\u0103<\/span><\/li><li data-start=\"955\" data-end=\"1227\">\u00cen loc s\u0103 \u201cte lup\u021bi\u201d cu aceste p\u0103r\u021bi, IFS te ajut\u0103 s\u0103 treci de la conflict interior la \u00een\u021belegere interioar\u0103<\/li><\/ul><p data-start=\"586\" data-end=\"701\"><a href=\"\/miruna\/ro\/what-is-ifs\">Afl\u0103 mai multe despre IFS \u2192<\/a><\/p>\t\t\t\t\t\t\t\t<\/div>\n\t\t\t\t<\/div>\n\t\t\t\t<\/div>\n\t\t\t\t\t<\/div>\n\t\t\t\t<\/div>\n\t\t<div class=\"elementor-element elementor-element-e41b8b3 e-flex e-con-boxed e-con e-parent\" data-id=\"e41b8b3\" data-element_type=\"container\">\n\t\t\t\t\t<div class=\"e-con-inner\">\n\t\t<div class=\"elementor-element elementor-element-9064da8 e-con-full e-flex e-con e-child\" data-id=\"9064da8\" data-element_type=\"container\">\n\t\t\t\t<div class=\"elementor-element elementor-element-f8e6891 elementor-widget elementor-widget-heading\" data-id=\"f8e6891\" data-element_type=\"widget\" data-widget_type=\"heading.default\">\n\t\t\t\t<div class=\"elementor-widget-container\">\n\t\t\t\t\t<h2 class=\"elementor-heading-title elementor-size-default\">Cum lucrez<\/h2>\t\t\t\t<\/div>\n\t\t\t\t<\/div>\n\t\t\t\t<div class=\"elementor-element elementor-element-efea730 elementor-widget elementor-widget-text-editor\" data-id=\"efea730\" data-element_type=\"widget\" data-widget_type=\"text-editor.default\">\n\t\t\t\t<div class=\"elementor-widget-container\">\n\t\t\t\t\t\t\t\t\t<p><img decoding=\"async\" class=\"emoji\" role=\"img\" draggable=\"false\" src=\"https:\/\/s.w.org\/images\/core\/emoji\/17.0.2\/svg\/1f33f.svg\" alt=\"\ud83c\udf3f\"> \u0218edin\u021be IFS (Internal Family Systems)<\/p>\n<p><span style=\"font-size: 1rem;\"><img decoding=\"async\" class=\"emoji\" role=\"img\" draggable=\"false\" src=\"https:\/\/s.w.org\/images\/core\/emoji\/17.0.2\/svg\/1f91d.svg\" alt=\"\ud83e\udd1d\"> Accent pe prezen\u021b\u0103, siguran\u021b\u0103 \u0219i empatie<\/span><\/p>\t\t\t\t\t\t\t\t<\/div>\n\t\t\t\t<\/div>\n\t\t\t\t<\/div>\n\t\t<div class=\"elementor-element elementor-element-10ab3a1 e-con-full e-flex e-con e-child\" data-id=\"10ab3a1\" data-element_type=\"container\">\n\t\t\t\t<div class=\"elementor-element elementor-element-e1f0ccb elementor-widget elementor-widget-heading\" data-id=\"e1f0ccb\" data-element_type=\"widget\" data-widget_type=\"heading.default\">\n\t\t\t\t<div class=\"elementor-widget-container\">\n\t\t\t\t\t<h2 class=\"elementor-heading-title elementor-size-default\">Training<\/h2>\t\t\t\t<\/div>\n\t\t\t\t<\/div>\n\t\t\t\t<div class=\"elementor-element elementor-element-ca0d581 elementor-widget elementor-widget-text-editor\" data-id=\"ca0d581\" data-element_type=\"widget\" data-widget_type=\"text-editor.default\">\n\t\t\t\t<div class=\"elementor-widget-container\">\n\t\t\t\t\t\t\t\t\t<ul><li>IFS Level 2 (IFS Institute)<\/li><li>Advanced Skills Workshops<\/li><li>Supervizare \/ consult\u0103ri continue<\/li><li>Cursuri de Non Violent Communication (NVC)<\/li><li>Cursuri si traininguri in mod constant\u00a0<\/li><li>Explorare personal\u0103 continu\u0103 a propriului meu sistem interior<\/li><\/ul>\t\t\t\t\t\t\t\t<\/div>\n\t\t\t\t<\/div>\n\t\t\t\t<\/div>\n\t\t\t\t\t<\/div>\n\t\t\t\t<\/div>\n\t\t<div class=\"elementor-element elementor-element-d9e4ebc e-flex e-con-boxed e-con e-parent\" data-id=\"d9e4ebc\" data-element_type=\"container\">\n\t\t\t\t\t<div class=\"e-con-inner\">\n\t\t<div class=\"elementor-element elementor-element-139d3db e-con-full e-flex e-con e-child\" data-id=\"139d3db\" data-element_type=\"container\">\n\t\t<div class=\"elementor-element elementor-element-efd7b90 e-con-full e-flex e-con e-child\" data-id=\"efd7b90\" data-element_type=\"container\">\n\t\t\t\t<div class=\"elementor-element elementor-element-37accb5 elementor-widget elementor-widget-heading\" data-id=\"37accb5\" data-element_type=\"widget\" data-widget_type=\"heading.default\">\n\t\t\t\t<div class=\"elementor-widget-container\">\n\t\t\t\t\t<h2 class=\"elementor-heading-title elementor-size-default\">Miruna<\/h2>\t\t\t\t<\/div>\n\t\t\t\t<\/div>\n\t\t\t\t<div class=\"elementor-element elementor-element-8ccedf0 elementor-widget elementor-widget-image\" data-id=\"8ccedf0\" data-element_type=\"widget\" data-widget_type=\"image.default\">\n\t\t\t\t<div class=\"elementor-widget-container\">\n\t\t\t\t\t\t\t\t\t\t\t\t\t\t\t<img fetchpriority=\"high\" decoding=\"async\" width=\"231\" height=\"300\" src=\"https:\/\/self-roots.com\/miruna\/wp-content\/uploads\/2025\/04\/Miruna-Picture-CV-professional-Voiculet-Hanu-website-IFS-directory.jpg-231x300.webp\" class=\"attachment-medium size-medium wp-image-42\" alt=\"Miruna Voiculet IFS Practitioner\" srcset=\"https:\/\/self-roots.com\/miruna\/wp-content\/uploads\/2025\/04\/Miruna-Picture-CV-professional-Voiculet-Hanu-website-IFS-directory.jpg-231x300.webp 231w, https:\/\/self-roots.com\/miruna\/wp-content\/uploads\/2025\/04\/Miruna-Picture-CV-professional-Voiculet-Hanu-website-IFS-directory.jpg.webp 570w\" sizes=\"(max-width: 231px) 100vw, 231px\" \/>\t\t\t\t\t\t\t\t\t\t\t\t\t\t\t<\/div>\n\t\t\t\t<\/div>\n\t\t\t\t<\/div>\n\t\t\t\t<div class=\"elementor-element elementor-element-09e5b87 elementor-widget elementor-widget-text-editor\" data-id=\"09e5b87\" data-element_type=\"widget\" data-widget_type=\"text-editor.default\">\n\t\t\t\t<div class=\"elementor-widget-container\">\n\t\t\t\t\t\t\t\t\t<p>Ajut oamenii s\u0103 se reconecteze cu p\u0103r\u021bile din ei care au fost \u00eempinse deoparte \u2014 cu bl\u00e2nde\u021be, curiozitate \u0219i compasiune.<br data-start=\"327\" data-end=\"330\" \/>Ca IFS practitioner, obiectivul meu este sa creez un spa\u021biu in care fiecare parte se simte binevenit\u0103.<\/p>\t\t\t\t\t\t\t\t<\/div>\n\t\t\t\t<\/div>\n\t\t\t\t<\/div>\n\t\t\t\t\t<\/div>\n\t\t\t\t<\/div>\n\t\t<div class=\"elementor-element elementor-element-a64a47c e-flex e-con-boxed e-con e-parent\" data-id=\"a64a47c\" data-element_type=\"container\">\n\t\t\t\t\t<div class=\"e-con-inner\">\n\t\t\t\t<div class=\"elementor-element elementor-element-45463a0 elementor-widget elementor-widget-html\" data-id=\"45463a0\" data-element_type=\"widget\" data-widget_type=\"html.default\">\n\t\t\t\t<div class=\"elementor-widget-container\">\n\t\t\t\t\t<!-- CTA Section with Two Aligned Equal-Width Buttons (Updated Color) -->\n<section class=\"elementor-section\" style=\"padding: 20px 20px; background-color: #fdfdfb; text-align: center;\">\n  <h2 style=\"font-size: 2rem; color: #2c4634; margin-bottom: 20px;\">Vrei s\u0103 afli mai multe?<\/h2>\n  <p style=\"font-size: 1.1rem; color: #333; max-width: 700px; margin: 0 auto 40px auto;\">\n    Sunt aici s\u0103-\u021bi sus\u021bin c\u0103l\u0103toria de explorare interioar\u0103 \u2014 cu prezen\u021b\u0103, grij\u0103 \u0219i compasiune.<br>\n    \u00cemi po\u021bi scrie folosind linkul de mai jos..<br>\n    \u0218edin\u021bele sunt disponibile \u00een <strong>rom\u00e2n\u0103 sau \u00een englez\u0103<\/strong>, \u00een func\u021bie de preferin\u021ba ta.\n  <\/p>\n  \n  <!-- Button Container -->\n  <div style=\"display: flex; justify-content: center; gap: 20px; flex-wrap: wrap;\">\n\n    <a href=\"\/miruna\/contact-us\" style=\"min-width: 240px; background-color: #2c4634; color: white; padding: 18px 24px; border-radius: 6px; text-decoration: none; font-weight: 500; text-align: center;\">Scrie-mi<\/a>\n  <\/div>\n<\/section>\n\t\t\t\t<\/div>\n\t\t\t\t<\/div>\n\t\t\t\t\t<\/div>\n\t\t\t\t<\/div>\n\t\t<div class=\"elementor-element elementor-element-f87d2a2 e-flex e-con-boxed e-con e-parent\" data-id=\"f87d2a2\" data-element_type=\"container\" data-settings=\"{&quot;background_background&quot;:&quot;classic&quot;}\">\n\t\t\t\t\t<div class=\"e-con-inner\">\n\t\t\t\t<div class=\"elementor-element elementor-element-bd15902 elementor-widget elementor-widget-text-editor\" data-id=\"bd15902\" data-element_type=\"widget\" data-widget_type=\"text-editor.default\">\n\t\t\t\t<div class=\"elementor-widget-container\">\n\t\t\t\t\t\t\t\t\t<p><em>\u201cI will not rescue you, for you are not powerless.\u00a0\u00a0<\/em><\/p><p><em>I will not fix you, for you are not broken.\u00a0\u00a0<\/em><\/p><p><em>I will not heal you, for I see you, in your wholeness.\u00a0\u00a0<\/em><\/p><p><em>I will walk with you through the darkness,\u00a0\u00a0<\/em><\/p><p><em>As you remember your light.\u201d<\/em><\/p><p><em><b>&#8212; Sheree Bliss Tilsley , A Medicine Woman&#8217;s Prayer<\/b><\/em><\/p>\t\t\t\t\t\t\t\t<\/div>\n\t\t\t\t<\/div>\n\t\t\t\t\t<\/div>\n\t\t\t\t<\/div>\n\t\t\t\t<\/div>\n\t\t","protected":false},"excerpt":{"rendered":"<p>Exploreaz\u0103-\u021bi lumea interioar\u0103 cu \u00een\u021belegere \u0219i empatie Prin principiile IFS, \u00ee\u021bi ofer un spa\u021biu \u00een care s\u0103-\u021bi descoperi \u0219i s\u0103-\u021bi [&hellip;]<\/p>\n","protected":false},"author":1,"featured_media":0,"parent":0,"menu_order":0,"comment_status":"closed","ping_status":"closed","template":"elementor_theme","meta":{"pagelayer_contact_templates":[],"_pagelayer_content":"","site-sidebar-layout":"no-sidebar","site-content-layout":"","ast-site-content-layout":"full-width-container","site-content-style":"default","site-sidebar-style":"default","ast-global-header-display":"","ast-banner-title-visibility":"","ast-main-header-display":"","ast-hfb-above-header-display":"","ast-hfb-below-header-display":"","ast-hfb-mobile-header-display":"","site-post-title":"disabled","ast-breadcrumbs-content":"","ast-featured-img":"disabled","footer-sml-layout":"","theme-transparent-header-meta":"","adv-header-id-meta":"","stick-header-meta":"","header-above-stick-meta":"","header-main-stick-meta":"","header-below-stick-meta":"","astra-migrate-meta-layouts":"default","ast-page-background-enabled":"default","ast-page-background-meta":{"desktop":{"background-color":"var(--ast-global-color-5)","background-image":"","background-repeat":"repeat","background-position":"center center","background-size":"auto","background-attachment":"scroll","background-type":"","background-media":"","overlay-type":"","overlay-color":"","overlay-opacity":"","overlay-gradient":""},"tablet":{"background-color":"","background-image":"","background-repeat":"repeat","background-position":"center center","background-size":"auto","background-attachment":"scroll","background-type":"","background-media":"","overlay-type":"","overlay-color":"","overlay-opacity":"","overlay-gradient":""},"mobile":{"background-color":"","background-image":"","background-repeat":"repeat","background-position":"center center","background-size":"auto","background-attachment":"scroll","background-type":"","background-media":"","overlay-type":"","overlay-color":"","overlay-opacity":"","overlay-gradient":""}},"ast-content-background-meta":{"desktop":{"background-color":"var(--ast-global-color-4)","background-image":"","background-repeat":"repeat","background-position":"center center","background-size":"auto","background-attachment":"scroll","background-type":"","background-media":"","overlay-type":"","overlay-color":"","overlay-opacity":"","overlay-gradient":""},"tablet":{"background-color":"var(--ast-global-color-4)","background-image":"","background-repeat":"repeat","background-position":"center center","background-size":"auto","background-attachment":"scroll","background-type":"","background-media":"","overlay-type":"","overlay-color":"","overlay-opacity":"","overlay-gradient":""},"mobile":{"background-color":"var(--ast-global-color-4)","background-image":"","background-repeat":"repeat","background-position":"center center","background-size":"auto","background-attachment":"scroll","background-type":"","background-media":"","overlay-type":"","overlay-color":"","overlay-opacity":"","overlay-gradient":""}},"footnotes":""},"class_list":["post-615","page","type-page","status-publish","hentry"],"yoast_head":"<!-- This site is optimized with the Yoast SEO plugin v26.6 - https:\/\/yoast.com\/wordpress\/plugins\/seo\/ -->\n<title>Self Roots \u2014 IFS Sessions for Inner Connection<\/title>\n<meta name=\"description\" content=\"Internal Family Systems (IFS) sessions with Miruna &amp; Andrei in English or Romanian. Gently reconnect with your parts and Self leadership\" \/>\n<meta name=\"robots\" content=\"index, follow, max-snippet:-1, max-image-preview:large, max-video-preview:-1\" \/>\n<link rel=\"canonical\" href=\"https:\/\/self-roots.com\/miruna\/\" \/>\n<meta property=\"og:locale\" content=\"en_US\" \/>\n<meta property=\"og:type\" content=\"article\" \/>\n<meta property=\"og:title\" content=\"Self Roots \u2014 IFS Sessions for Inner Connection\" \/>\n<meta property=\"og:description\" content=\"Internal Family Systems (IFS) sessions with Miruna &amp; Andrei in English or Romanian. Gently reconnect with your parts and Self leadership\" \/>\n<meta property=\"og:url\" content=\"https:\/\/self-roots.com\/miruna\/\" \/>\n<meta property=\"article:modified_time\" content=\"2026-04-25T18:51:10+00:00\" \/>\n<meta property=\"og:image\" content=\"https:\/\/s.w.org\/images\/core\/emoji\/17.0.2\/svg\/1f33f.svg\" \/>\n<meta name=\"twitter:card\" content=\"summary_large_image\" \/>\n<meta name=\"twitter:label1\" content=\"Est. reading time\" \/>\n\t<meta name=\"twitter:data1\" content=\"3 minutes\" \/>\n<script type=\"application\/ld+json\" class=\"yoast-schema-graph\">{\"@context\":\"https:\/\/schema.org\",\"@graph\":[{\"@type\":\"WebPage\",\"@id\":\"https:\/\/self-roots.com\/miruna\/\",\"url\":\"https:\/\/self-roots.com\/miruna\/\",\"name\":\"Self Roots \u2014 IFS Sessions for Inner Connection\",\"isPartOf\":{\"@id\":\"https:\/\/self-roots.com\/miruna\/#website\"},\"primaryImageOfPage\":{\"@id\":\"https:\/\/self-roots.com\/miruna\/#primaryimage\"},\"image\":{\"@id\":\"https:\/\/self-roots.com\/miruna\/#primaryimage\"},\"thumbnailUrl\":\"https:\/\/s.w.org\/images\/core\/emoji\/17.0.2\/svg\/1f33f.svg\",\"datePublished\":\"2025-04-11T10:08:06+00:00\",\"dateModified\":\"2026-04-25T18:51:10+00:00\",\"description\":\"Internal Family Systems (IFS) sessions with Miruna & Andrei in English or Romanian. Gently reconnect with your parts and Self leadership\",\"breadcrumb\":{\"@id\":\"https:\/\/self-roots.com\/miruna\/#breadcrumb\"},\"inLanguage\":\"en-US\",\"potentialAction\":[{\"@type\":\"ReadAction\",\"target\":[\"https:\/\/self-roots.com\/miruna\/\"]}]},{\"@type\":\"ImageObject\",\"inLanguage\":\"en-US\",\"@id\":\"https:\/\/self-roots.com\/miruna\/#primaryimage\",\"url\":\"https:\/\/s.w.org\/images\/core\/emoji\/17.0.2\/svg\/1f33f.svg\",\"contentUrl\":\"https:\/\/s.w.org\/images\/core\/emoji\/17.0.2\/svg\/1f33f.svg\"},{\"@type\":\"BreadcrumbList\",\"@id\":\"https:\/\/self-roots.com\/miruna\/#breadcrumb\",\"itemListElement\":[{\"@type\":\"ListItem\",\"position\":1,\"name\":\"Home\",\"item\":\"https:\/\/self-roots.com\/miruna\/en\/home\/\"},{\"@type\":\"ListItem\",\"position\":2,\"name\":\"HOME &#8211; Romana\"}]},{\"@type\":\"WebSite\",\"@id\":\"https:\/\/self-roots.com\/miruna\/#website\",\"url\":\"https:\/\/self-roots.com\/miruna\/\",\"name\":\"\",\"description\":\"Self Roots IFS\",\"potentialAction\":[{\"@type\":\"SearchAction\",\"target\":{\"@type\":\"EntryPoint\",\"urlTemplate\":\"https:\/\/self-roots.com\/miruna\/?s={search_term_string}\"},\"query-input\":{\"@type\":\"PropertyValueSpecification\",\"valueRequired\":true,\"valueName\":\"search_term_string\"}}],\"inLanguage\":\"en-US\"}]}<\/script>\n<!-- \/ Yoast SEO plugin. -->","yoast_head_json":{"title":"Self Roots \u2014 IFS Sessions for Inner Connection","description":"Internal Family Systems (IFS) sessions with Miruna & Andrei in English or Romanian. Gently reconnect with your parts and Self leadership","robots":{"index":"index","follow":"follow","max-snippet":"max-snippet:-1","max-image-preview":"max-image-preview:large","max-video-preview":"max-video-preview:-1"},"canonical":"https:\/\/self-roots.com\/miruna\/","og_locale":"en_US","og_type":"article","og_title":"Self Roots \u2014 IFS Sessions for Inner Connection","og_description":"Internal Family Systems (IFS) sessions with Miruna & Andrei in English or Romanian. Gently reconnect with your parts and Self leadership","og_url":"https:\/\/self-roots.com\/miruna\/","article_modified_time":"2026-04-25T18:51:10+00:00","og_image":[{"url":"https:\/\/s.w.org\/images\/core\/emoji\/17.0.2\/svg\/1f33f.svg","type":"","width":"","height":""}],"twitter_card":"summary_large_image","twitter_misc":{"Est. reading time":"3 minutes"},"schema":{"@context":"https:\/\/schema.org","@graph":[{"@type":"WebPage","@id":"https:\/\/self-roots.com\/miruna\/","url":"https:\/\/self-roots.com\/miruna\/","name":"Self Roots \u2014 IFS Sessions for Inner Connection","isPartOf":{"@id":"https:\/\/self-roots.com\/miruna\/#website"},"primaryImageOfPage":{"@id":"https:\/\/self-roots.com\/miruna\/#primaryimage"},"image":{"@id":"https:\/\/self-roots.com\/miruna\/#primaryimage"},"thumbnailUrl":"https:\/\/s.w.org\/images\/core\/emoji\/17.0.2\/svg\/1f33f.svg","datePublished":"2025-04-11T10:08:06+00:00","dateModified":"2026-04-25T18:51:10+00:00","description":"Internal Family Systems (IFS) sessions with Miruna & Andrei in English or Romanian. Gently reconnect with your parts and Self leadership","breadcrumb":{"@id":"https:\/\/self-roots.com\/miruna\/#breadcrumb"},"inLanguage":"en-US","potentialAction":[{"@type":"ReadAction","target":["https:\/\/self-roots.com\/miruna\/"]}]},{"@type":"ImageObject","inLanguage":"en-US","@id":"https:\/\/self-roots.com\/miruna\/#primaryimage","url":"https:\/\/s.w.org\/images\/core\/emoji\/17.0.2\/svg\/1f33f.svg","contentUrl":"https:\/\/s.w.org\/images\/core\/emoji\/17.0.2\/svg\/1f33f.svg"},{"@type":"BreadcrumbList","@id":"https:\/\/self-roots.com\/miruna\/#breadcrumb","itemListElement":[{"@type":"ListItem","position":1,"name":"Home","item":"https:\/\/self-roots.com\/miruna\/en\/home\/"},{"@type":"ListItem","position":2,"name":"HOME &#8211; Romana"}]},{"@type":"WebSite","@id":"https:\/\/self-roots.com\/miruna\/#website","url":"https:\/\/self-roots.com\/miruna\/","name":"","description":"Self Roots IFS","potentialAction":[{"@type":"SearchAction","target":{"@type":"EntryPoint","urlTemplate":"https:\/\/self-roots.com\/miruna\/?s={search_term_string}"},"query-input":{"@type":"PropertyValueSpecification","valueRequired":true,"valueName":"search_term_string"}}],"inLanguage":"en-US"}]}},"lang":"ro","translations":{"ro":615,"en":19},"pll_sync_post":[],"_links":{"self":[{"href":"https:\/\/self-roots.com\/miruna\/wp-json\/wp\/v2\/pages\/615","targetHints":{"allow":["GET"]}}],"collection":[{"href":"https:\/\/self-roots.com\/miruna\/wp-json\/wp\/v2\/pages"}],"about":[{"href":"https:\/\/self-roots.com\/miruna\/wp-json\/wp\/v2\/types\/page"}],"author":[{"embeddable":true,"href":"https:\/\/self-roots.com\/miruna\/wp-json\/wp\/v2\/users\/1"}],"replies":[{"embeddable":true,"href":"https:\/\/self-roots.com\/miruna\/wp-json\/wp\/v2\/comments?post=615"}],"version-history":[{"count":50,"href":"https:\/\/self-roots.com\/miruna\/wp-json\/wp\/v2\/pages\/615\/revisions"}],"predecessor-version":[{"id":811,"href":"https:\/\/self-roots.com\/miruna\/wp-json\/wp\/v2\/pages\/615\/revisions\/811"}],"wp:attachment":[{"href":"https:\/\/self-roots.com\/miruna\/wp-json\/wp\/v2\/media?parent=615"}],"curies":[{"name":"wp","href":"https:\/\/api.w.org\/{rel}","templated":true}]}}